{"id":44,"date":"2022-11-17T23:52:24","date_gmt":"2022-11-17T23:52:24","guid":{"rendered":"https:\/\/igmilitaermodell-ap97k2fw1a.live-website.com\/?page_id=44"},"modified":"2025-09-17T17:07:40","modified_gmt":"2025-09-17T17:07:40","slug":"das-sind-wir","status":"publish","type":"page","link":"https:\/\/igmilitaermodell-ap97k2fw1a.live-website.com\/?page_id=44","title":{"rendered":"Das sind wir"},"content":{"rendered":"\n<figure class=\"wp-block-image size-full\"><img loading=\"lazy\" decoding=\"async\" width=\"640\" height=\"327\" src=\"https:\/\/igmilitaermodell-ap97k2fw1a.live-website.com\/wp-content\/uploads\/2022\/11\/cropped-20221103_161640a.jpg\" alt=\"\" class=\"wp-image-31\" srcset=\"https:\/\/igmilitaermodell-ap97k2fw1a.live-website.com\/wp-content\/uploads\/2022\/11\/cropped-20221103_161640a.jpg 640w, https:\/\/igmilitaermodell-ap97k2fw1a.live-website.com\/wp-content\/uploads\/2022\/11\/cropped-20221103_161640a-300x153.jpg 300w\" sizes=\"auto, (max-width: 640px) 100vw, 640px\" \/><\/figure>\n\n\n\n<p>Die IG Milit\u00e4rmodelltechnik<\/p>\n\n\n\n<p>Wir sind eine kleine Gruppe von Modellbauern die sich den Massstab 1\/16 als Baugr\u00f6sse f\u00fcr ihre Modelle herausgesucht haben.<\/p>\n\n\n\n<p>Wir bewegen uns im Modellbau im milit\u00e4rischen Bereich aller Epochen von 1900 bis heute.<\/p>\n\n\n\n<p>Unsere Modelle haben reale Vorbilder und auch die Funktionen der Originale sind im Kleinen umgesetzt.<\/p>\n\n\n\n<p>Bei uns findet man Ketten-, Rad-, Schienen-, und auch Wasserfahrzeuge aus aller Welt die beim Milit\u00e4r eingesetzt werden.<\/p>\n\n\n\n<p>Bei uns geht es um die Technik der Fahrzeuge je spezieller und ausgefallener um so lieber.<\/p>\n\n\n\n<p>Das sind wir:<\/p>\n\n\n\n<p><\/p>\n\n\n\n<figure class=\"wp-block-image size-full\"><img loading=\"lazy\" decoding=\"async\" width=\"363\" height=\"355\" src=\"https:\/\/igmilitaermodell-ap97k2fw1a.live-website.com\/wp-content\/uploads\/2022\/11\/20221106_080622aa_1.jpg\" alt=\"\" class=\"wp-image-23\" srcset=\"https:\/\/igmilitaermodell-ap97k2fw1a.live-website.com\/wp-content\/uploads\/2022\/11\/20221106_080622aa_1.jpg 363w, https:\/\/igmilitaermodell-ap97k2fw1a.live-website.com\/wp-content\/uploads\/2022\/11\/20221106_080622aa_1-300x293.jpg 300w\" sizes=\"auto, (max-width: 363px) 100vw, 363px\" \/><\/figure>\n\n\n\n<p>Robert Hahn&nbsp;&nbsp;<\/p>\n\n\n\n<p>Organisation Messen<\/p>\n\n\n\n<p>Moderne Fahrzeuge<\/p>\n\n\n\n<p>mailto :&nbsp;<a href=\"mailto:Robert@igmmt.de\"><mark class=\"kt-highlight\">Robert@igmmt.de<\/mark><\/a><\/p>\n\n\n\n<p><\/p>\n\n\n\n<p><\/p>\n\n\n\n<p><\/p>\n\n\n\n<figure class=\"wp-block-image size-full is-resized\"><img loading=\"lazy\" decoding=\"async\" width=\"432\" height=\"357\" src=\"https:\/\/igmilitaermodell-ap97k2fw1a.live-website.com\/wp-content\/uploads\/2022\/11\/20221106_080640aa.jpg\" alt=\"\" class=\"wp-image-24\" srcset=\"https:\/\/igmilitaermodell-ap97k2fw1a.live-website.com\/wp-content\/uploads\/2022\/11\/20221106_080640aa.jpg 432w, https:\/\/igmilitaermodell-ap97k2fw1a.live-website.com\/wp-content\/uploads\/2022\/11\/20221106_080640aa-300x248.jpg 300w\" sizes=\"auto, (max-width: 432px) 100vw, 432px\" \/><\/figure>\n\n\n\n<p>Olaf Lang<\/p>\n\n\n\n<p>Organisation Gastfahrer und Moderation<\/p>\n\n\n\n<p>Eisenbahn und Spezialfahrzeuge aller Epochen<\/p>\n\n\n\n<p>mailto:&nbsp;<mark class=\"kt-highlight\"><a href=\"mailto:Olaf@igmmt.de\">Olaf@igmmt.de<\/a><\/mark><\/p>\n\n\n\n<p><\/p>\n\n\n\n<p><\/p>\n\n\n\n<p><\/p>\n\n\n\n<figure class=\"wp-block-image size-full is-resized\"><img loading=\"lazy\" decoding=\"async\" width=\"385\" height=\"334\" src=\"https:\/\/igmilitaermodell-ap97k2fw1a.live-website.com\/wp-content\/uploads\/2022\/11\/20221106_080843aa.jpg\" alt=\"\" class=\"wp-image-26\" srcset=\"https:\/\/igmilitaermodell-ap97k2fw1a.live-website.com\/wp-content\/uploads\/2022\/11\/20221106_080843aa.jpg 385w, https:\/\/igmilitaermodell-ap97k2fw1a.live-website.com\/wp-content\/uploads\/2022\/11\/20221106_080843aa-300x260.jpg 300w\" sizes=\"auto, (max-width: 385px) 100vw, 385px\" \/><\/figure>\n\n\n\n<p>Marco Klingel<\/p>\n\n\n\n<p>Fahrzeuge WW2 und Moderne Fahrzeuge<\/p>\n\n\n\n<p>mailto:&nbsp;<mark class=\"kt-highlight\"><a href=\"mailto:Bimbim@igmmt.de\">Bimbim@igmmt.de<\/a><\/mark><\/p>\n\n\n\n<p><\/p>\n\n\n\n<p><\/p>\n\n\n\n<p><\/p>\n\n\n\n<figure class=\"wp-block-image size-full is-resized\"><img loading=\"lazy\" decoding=\"async\" width=\"331\" height=\"339\" src=\"https:\/\/igmilitaermodell-ap97k2fw1a.live-website.com\/wp-content\/uploads\/2022\/11\/20221106_080749aa.jpg\" alt=\"\" class=\"wp-image-25\" srcset=\"https:\/\/igmilitaermodell-ap97k2fw1a.live-website.com\/wp-content\/uploads\/2022\/11\/20221106_080749aa.jpg 331w, https:\/\/igmilitaermodell-ap97k2fw1a.live-website.com\/wp-content\/uploads\/2022\/11\/20221106_080749aa-293x300.jpg 293w\" sizes=\"auto, (max-width: 331px) 100vw, 331px\" \/><\/figure>\n\n\n\n<p>Claudius Stegmaier<\/p>\n\n\n\n<p>Eisenbahn und moderne Spezialfahrzeuge<\/p>\n\n\n\n<p>mailto:&nbsp;<mark class=\"kt-highlight\"><a href=\"mailto:Claudius@igmmt.de\">Claudius@igmmt.de<\/a><\/mark><\/p>\n\n\n\n<p><\/p>\n\n\n\n<p><\/p>\n\n\n\n<p><\/p>\n\n\n\n<figure class=\"wp-block-image size-full is-resized\"><img loading=\"lazy\" decoding=\"async\" width=\"325\" height=\"307\" src=\"https:\/\/igmilitaermodell-ap97k2fw1a.live-website.com\/wp-content\/uploads\/2022\/11\/20221103_161323aa.jpg\" alt=\"\" class=\"wp-image-20\" srcset=\"https:\/\/igmilitaermodell-ap97k2fw1a.live-website.com\/wp-content\/uploads\/2022\/11\/20221103_161323aa.jpg 325w, https:\/\/igmilitaermodell-ap97k2fw1a.live-website.com\/wp-content\/uploads\/2022\/11\/20221103_161323aa-300x283.jpg 300w\" sizes=\"auto, (max-width: 325px) 100vw, 325px\" \/><\/figure>\n\n\n\n<p>Andreas Biel<\/p>\n\n\n\n<p>Fahrzeuge WW1 und WW2 , Moderne Radfahrzeuge<\/p>\n\n\n\n<p>mailto:&nbsp;<mark class=\"kt-highlight\"><a href=\"mailto:Andreas@igmmt.de\">Andreas@igmmt.de<\/a><\/mark><\/p>\n\n\n\n<p><\/p>\n\n\n\n<p><\/p>\n\n\n\n<p><\/p>\n\n\n\n<figure class=\"wp-block-image size-full is-resized\"><img loading=\"lazy\" decoding=\"async\" width=\"395\" height=\"349\" src=\"https:\/\/igmilitaermodell-ap97k2fw1a.live-website.com\/wp-content\/uploads\/2022\/11\/20221103_161354aa.jpg\" alt=\"\" class=\"wp-image-21\" srcset=\"https:\/\/igmilitaermodell-ap97k2fw1a.live-website.com\/wp-content\/uploads\/2022\/11\/20221103_161354aa.jpg 395w, https:\/\/igmilitaermodell-ap97k2fw1a.live-website.com\/wp-content\/uploads\/2022\/11\/20221103_161354aa-300x265.jpg 300w\" sizes=\"auto, (max-width: 395px) 100vw, 395px\" \/><\/figure>\n\n\n\n<p>Mathias Rehm<\/p>\n\n\n\n<p>Moderne Rad und Kettenfahrzeuge<\/p>\n\n\n\n<p>mailto:&nbsp;<mark class=\"kt-highlight\"><a href=\"mailto:Mathias@igmmt.de\">Mathias@igmmt.de<\/a><\/mark><\/p>\n\n\n\n<figure class=\"wp-block-image size-full is-resized\"><img loading=\"lazy\" decoding=\"async\" width=\"640\" height=\"737\" src=\"https:\/\/igmilitaermodell-ap97k2fw1a.live-website.com\/wp-content\/uploads\/2025\/09\/20250914_184603aa.jpg\" alt=\"\" class=\"wp-image-3296\" style=\"width:362px;height:auto\" srcset=\"https:\/\/igmilitaermodell-ap97k2fw1a.live-website.com\/wp-content\/uploads\/2025\/09\/20250914_184603aa.jpg 640w, https:\/\/igmilitaermodell-ap97k2fw1a.live-website.com\/wp-content\/uploads\/2025\/09\/20250914_184603aa-261x300.jpg 261w\" sizes=\"auto, (max-width: 640px) 100vw, 640px\" \/><\/figure>\n\n\n\n<p>Dirk Helwig<\/p>\n\n\n\n<p>3D Druck und Moderne Fahrzeuge<\/p>\n\n\n\n<p>mailto: <mark><a href=\"mailto:Dirk@igmmt.de\">Dirk@igmmt.de<\/a><\/mark><\/p>\n\n\n\n<p><\/p>\n","protected":false},"excerpt":{"rendered":"<p>Die IG Milit\u00e4rmodelltechnik Wir sind eine kleine Gruppe von Modellbauern die sich den Massstab 1\/16 als Baugr\u00f6sse f\u00fcr ihre Modelle herausgesucht haben. Wir bewegen uns im Modellbau im milit\u00e4rischen Bereich [&hellip;]<\/p>\n","protected":false},"author":1,"featured_media":0,"parent":0,"menu_order":0,"comment_status":"closed","ping_status":"closed","template":"","meta":{"ngg_post_thumbnail":0,"footnotes":""},"class_list":["post-44","page","type-page","status-publish","hentry","post-preview"],"_links":{"self":[{"href":"https:\/\/igmilitaermodell-ap97k2fw1a.live-website.com\/index.php?rest_route=\/wp\/v2\/pages\/44","targetHints":{"allow":["GET"]}}],"collection":[{"href":"https:\/\/igmilitaermodell-ap97k2fw1a.live-website.com\/index.php?rest_route=\/wp\/v2\/pages"}],"about":[{"href":"https:\/\/igmilitaermodell-ap97k2fw1a.live-website.com\/index.php?rest_route=\/wp\/v2\/types\/page"}],"author":[{"embeddable":true,"href":"https:\/\/igmilitaermodell-ap97k2fw1a.live-website.com\/index.php?rest_route=\/wp\/v2\/users\/1"}],"replies":[{"embeddable":true,"href":"https:\/\/igmilitaermodell-ap97k2fw1a.live-website.com\/index.php?rest_route=%2Fwp%2Fv2%2Fcomments&post=44"}],"version-history":[{"count":10,"href":"https:\/\/igmilitaermodell-ap97k2fw1a.live-website.com\/index.php?rest_route=\/wp\/v2\/pages\/44\/revisions"}],"predecessor-version":[{"id":3298,"href":"https:\/\/igmilitaermodell-ap97k2fw1a.live-website.com\/index.php?rest_route=\/wp\/v2\/pages\/44\/revisions\/3298"}],"wp:attachment":[{"href":"https:\/\/igmilitaermodell-ap97k2fw1a.live-website.com\/index.php?rest_route=%2Fwp%2Fv2%2Fmedia&parent=44"}],"curies":[{"name":"wp","href":"https:\/\/api.w.org\/{rel}","templated":true}]}}