{"id":43,"date":"2022-11-17T23:52:24","date_gmt":"2022-11-17T23:52:24","guid":{"rendered":"https:\/\/igmilitaermodell-ap97k2fw1a.live-website.com\/?page_id=43"},"modified":"2025-11-17T17:45:56","modified_gmt":"2025-11-17T17:45:56","slug":"hier-sind-wir-zu-sehen","status":"publish","type":"page","link":"https:\/\/igmilitaermodell-ap97k2fw1a.live-website.com\/?page_id=43","title":{"rendered":"Hier sind wir zu sehen"},"content":{"rendered":"\n<p class=\"has-text-align-center\"><mark><mark style=\"background-color:rgba(0, 0, 0, 0)\" class=\"has-inline-color has-accent-color\"><strong>2025<\/strong><\/mark><\/mark><\/p>\n\n\n\n<p class=\"has-text-align-center\"><strong><mark>Januar<\/mark><\/strong><\/p>\n\n\n\n<p class=\"has-text-align-center\"><strong><mark>Februar<\/mark><\/strong><\/p>\n\n\n\n<p class=\"has-text-align-center\"><strong><mark>M\u00e4rz<\/mark><\/strong><\/p>\n\n\n\n<p class=\"has-text-align-center\"><strong><mark>April<\/mark><\/strong><\/p>\n\n\n<div class=\"wp-block-image\">\n<figure class=\"aligncenter size-full\"><img loading=\"lazy\" decoding=\"async\" width=\"238\" height=\"118\" src=\"https:\/\/igmilitaermodell-ap97k2fw1a.live-website.com\/wp-content\/uploads\/2025\/11\/speyerer-modellbautage.png\" alt=\"\" class=\"wp-image-3485\"\/><\/figure>\n<\/div>\n\n<div class=\"wp-block-image\">\n<figure class=\"aligncenter size-full\"><img loading=\"lazy\" decoding=\"async\" width=\"1024\" height=\"196\" src=\"https:\/\/igmilitaermodell-ap97k2fw1a.live-website.com\/wp-content\/uploads\/2025\/11\/SNH-SP_WortBildMarke_11.2019-1024x196-1.png\" alt=\"\" class=\"wp-image-3492\" srcset=\"https:\/\/igmilitaermodell-ap97k2fw1a.live-website.com\/wp-content\/uploads\/2025\/11\/SNH-SP_WortBildMarke_11.2019-1024x196-1.png 1024w, https:\/\/igmilitaermodell-ap97k2fw1a.live-website.com\/wp-content\/uploads\/2025\/11\/SNH-SP_WortBildMarke_11.2019-1024x196-1-300x57.png 300w, https:\/\/igmilitaermodell-ap97k2fw1a.live-website.com\/wp-content\/uploads\/2025\/11\/SNH-SP_WortBildMarke_11.2019-1024x196-1-768x147.png 768w, https:\/\/igmilitaermodell-ap97k2fw1a.live-website.com\/wp-content\/uploads\/2025\/11\/SNH-SP_WortBildMarke_11.2019-1024x196-1-676x129.png 676w\" sizes=\"auto, (max-width: 1024px) 100vw, 1024px\" \/><\/figure>\n<\/div>\n\n\n<p class=\"has-text-align-center\"><strong><mark>Mai<\/mark><\/strong><\/p>\n\n\n\n<p class=\"has-text-align-center\">16 und 17 Mai Zweitagestreffen in R\u00f6thenbach<\/p>\n\n\n<div class=\"wp-block-image\">\n<figure class=\"aligncenter size-large\"><img loading=\"lazy\" decoding=\"async\" width=\"1024\" height=\"1024\" src=\"https:\/\/igmilitaermodell-ap97k2fw1a.live-website.com\/wp-content\/uploads\/2025\/11\/IMG-20251106-WA0007-1-1024x1024.jpg\" alt=\"\" class=\"wp-image-3487\" srcset=\"https:\/\/igmilitaermodell-ap97k2fw1a.live-website.com\/wp-content\/uploads\/2025\/11\/IMG-20251106-WA0007-1-1024x1024.jpg 1024w, https:\/\/igmilitaermodell-ap97k2fw1a.live-website.com\/wp-content\/uploads\/2025\/11\/IMG-20251106-WA0007-1-300x300.jpg 300w, https:\/\/igmilitaermodell-ap97k2fw1a.live-website.com\/wp-content\/uploads\/2025\/11\/IMG-20251106-WA0007-1-150x150.jpg 150w, https:\/\/igmilitaermodell-ap97k2fw1a.live-website.com\/wp-content\/uploads\/2025\/11\/IMG-20251106-WA0007-1-768x768.jpg 768w, https:\/\/igmilitaermodell-ap97k2fw1a.live-website.com\/wp-content\/uploads\/2025\/11\/IMG-20251106-WA0007-1-676x676.jpg 676w, https:\/\/igmilitaermodell-ap97k2fw1a.live-website.com\/wp-content\/uploads\/2025\/11\/IMG-20251106-WA0007-1.jpg 1220w\" sizes=\"auto, (max-width: 1024px) 100vw, 1024px\" \/><\/figure>\n<\/div>\n\n\n<p class=\"has-text-align-center\"><strong><mark>Juni<\/mark><\/strong><\/p>\n\n\n\n<p class=\"has-text-align-center\"><strong><mark>Juli<\/mark><\/strong><\/p>\n\n\n\n<p class=\"has-text-align-center\"><strong><mark>August<\/mark><\/strong><\/p>\n\n\n\n<p class=\"has-text-align-center\"><strong><mark>September<\/mark><\/strong><\/p>\n\n\n\n<p class=\"has-text-align-center\">Schaufahren beim SMC Br\u00fchl<\/p>\n\n\n<div class=\"wp-block-image\">\n<figure class=\"aligncenter size-full\"><img loading=\"lazy\" decoding=\"async\" width=\"480\" height=\"480\" src=\"https:\/\/igmilitaermodell-ap97k2fw1a.live-website.com\/wp-content\/uploads\/2025\/11\/vereine34.jpg\" alt=\"\" class=\"wp-image-3491\" srcset=\"https:\/\/igmilitaermodell-ap97k2fw1a.live-website.com\/wp-content\/uploads\/2025\/11\/vereine34.jpg 480w, https:\/\/igmilitaermodell-ap97k2fw1a.live-website.com\/wp-content\/uploads\/2025\/11\/vereine34-300x300.jpg 300w, https:\/\/igmilitaermodell-ap97k2fw1a.live-website.com\/wp-content\/uploads\/2025\/11\/vereine34-150x150.jpg 150w\" sizes=\"auto, (max-width: 480px) 100vw, 480px\" \/><\/figure>\n<\/div>\n\n\n<p class=\"has-text-align-center\">19 und 20 September 2025 Zweitagestreffen <\/p>\n\n\n<div class=\"wp-block-image\">\n<figure class=\"aligncenter size-large\"><img loading=\"lazy\" decoding=\"async\" width=\"1024\" height=\"1024\" src=\"https:\/\/igmilitaermodell-ap97k2fw1a.live-website.com\/wp-content\/uploads\/2025\/11\/IMG-20251106-WA0007-1-1-1024x1024.jpg\" alt=\"\" class=\"wp-image-3489\" srcset=\"https:\/\/igmilitaermodell-ap97k2fw1a.live-website.com\/wp-content\/uploads\/2025\/11\/IMG-20251106-WA0007-1-1-1024x1024.jpg 1024w, https:\/\/igmilitaermodell-ap97k2fw1a.live-website.com\/wp-content\/uploads\/2025\/11\/IMG-20251106-WA0007-1-1-300x300.jpg 300w, https:\/\/igmilitaermodell-ap97k2fw1a.live-website.com\/wp-content\/uploads\/2025\/11\/IMG-20251106-WA0007-1-1-150x150.jpg 150w, https:\/\/igmilitaermodell-ap97k2fw1a.live-website.com\/wp-content\/uploads\/2025\/11\/IMG-20251106-WA0007-1-1-768x768.jpg 768w, https:\/\/igmilitaermodell-ap97k2fw1a.live-website.com\/wp-content\/uploads\/2025\/11\/IMG-20251106-WA0007-1-1-676x676.jpg 676w, https:\/\/igmilitaermodell-ap97k2fw1a.live-website.com\/wp-content\/uploads\/2025\/11\/IMG-20251106-WA0007-1-1.jpg 1220w\" sizes=\"auto, (max-width: 1024px) 100vw, 1024px\" \/><\/figure>\n<\/div>\n\n\n<p class=\"has-text-align-center\"><strong><mark>Oktober<\/mark><\/strong><\/p>\n\n\n\n<p class=\"has-text-align-center\">Faszination Modellbau Friedrichshafen vom 30.Okt bis 1 Nov 2026<\/p>\n\n\n\n<figure class=\"wp-block-image size-large\"><img loading=\"lazy\" decoding=\"async\" width=\"1024\" height=\"778\" src=\"https:\/\/igmilitaermodell-ap97k2fw1a.live-website.com\/wp-content\/uploads\/2025\/11\/LOGO_Faszination_Modellbau_rgb-1024x778.jpg\" alt=\"\" class=\"wp-image-3490\" srcset=\"https:\/\/igmilitaermodell-ap97k2fw1a.live-website.com\/wp-content\/uploads\/2025\/11\/LOGO_Faszination_Modellbau_rgb-1024x778.jpg 1024w, https:\/\/igmilitaermodell-ap97k2fw1a.live-website.com\/wp-content\/uploads\/2025\/11\/LOGO_Faszination_Modellbau_rgb-300x228.jpg 300w, https:\/\/igmilitaermodell-ap97k2fw1a.live-website.com\/wp-content\/uploads\/2025\/11\/LOGO_Faszination_Modellbau_rgb-768x583.jpg 768w, https:\/\/igmilitaermodell-ap97k2fw1a.live-website.com\/wp-content\/uploads\/2025\/11\/LOGO_Faszination_Modellbau_rgb-676x513.jpg 676w, https:\/\/igmilitaermodell-ap97k2fw1a.live-website.com\/wp-content\/uploads\/2025\/11\/LOGO_Faszination_Modellbau_rgb.jpg 1160w\" sizes=\"auto, (max-width: 1024px) 100vw, 1024px\" \/><\/figure>\n\n\n\n<p class=\"has-text-align-center\"><strong><mark>November<\/mark><\/strong><\/p>\n\n\n\n<p><\/p>\n\n\n<div class=\"wp-block-image\">\n<figure class=\"aligncenter size-full\"><img loading=\"lazy\" decoding=\"async\" width=\"238\" height=\"118\" src=\"https:\/\/igmilitaermodell-ap97k2fw1a.live-website.com\/wp-content\/uploads\/2025\/11\/winter-modellbautage.png\" alt=\"\" class=\"wp-image-3486\"\/><\/figure>\n<\/div>\n\n\n<p class=\"has-text-align-center\"><strong><mark>Technik Museum Speyer<\/mark><\/strong><\/p>\n\n\n\n<p class=\"has-text-align-center\"><strong><mark>Wintermodellbautage<\/mark><\/strong><\/p>\n\n\n\n<figure class=\"wp-block-image size-full\"><img loading=\"lazy\" decoding=\"async\" width=\"1024\" height=\"196\" src=\"https:\/\/igmilitaermodell-ap97k2fw1a.live-website.com\/wp-content\/uploads\/2025\/02\/SNH-SP_WortBildMarke_11.2019-1024x196-1.png\" alt=\"\" class=\"wp-image-3084\" srcset=\"https:\/\/igmilitaermodell-ap97k2fw1a.live-website.com\/wp-content\/uploads\/2025\/02\/SNH-SP_WortBildMarke_11.2019-1024x196-1.png 1024w, https:\/\/igmilitaermodell-ap97k2fw1a.live-website.com\/wp-content\/uploads\/2025\/02\/SNH-SP_WortBildMarke_11.2019-1024x196-1-300x57.png 300w, https:\/\/igmilitaermodell-ap97k2fw1a.live-website.com\/wp-content\/uploads\/2025\/02\/SNH-SP_WortBildMarke_11.2019-1024x196-1-768x147.png 768w, https:\/\/igmilitaermodell-ap97k2fw1a.live-website.com\/wp-content\/uploads\/2025\/02\/SNH-SP_WortBildMarke_11.2019-1024x196-1-676x129.png 676w\" sizes=\"auto, (max-width: 1024px) 100vw, 1024px\" \/><\/figure>\n\n\n\n<p class=\"has-text-align-center\"><mark>Modellbau Tage im Technik Museum Speyer .2026<\/mark><\/p>\n\n\n\n<p class=\"has-text-align-center\"><strong><mark>Dezember<\/mark><\/strong><\/p>\n\n\n\n<p><\/p>\n","protected":false},"excerpt":{"rendered":"<p>2025 Januar Februar M\u00e4rz April Mai 16 und 17 Mai Zweitagestreffen in R\u00f6thenbach Juni Juli August September Schaufahren beim SMC Br\u00fchl 19 und 20 September 2025 Zweitagestreffen Oktober Faszination Modellbau [&hellip;]<\/p>\n","protected":false},"author":1,"featured_media":0,"parent":0,"menu_order":0,"comment_status":"closed","ping_status":"closed","template":"","meta":{"ngg_post_thumbnail":0,"footnotes":""},"class_list":["post-43","page","type-page","status-publish","hentry","post-preview"],"_links":{"self":[{"href":"https:\/\/igmilitaermodell-ap97k2fw1a.live-website.com\/index.php?rest_route=\/wp\/v2\/pages\/43","targetHints":{"allow":["GET"]}}],"collection":[{"href":"https:\/\/igmilitaermodell-ap97k2fw1a.live-website.com\/index.php?rest_route=\/wp\/v2\/pages"}],"about":[{"href":"https:\/\/igmilitaermodell-ap97k2fw1a.live-website.com\/index.php?rest_route=\/wp\/v2\/types\/page"}],"author":[{"embeddable":true,"href":"https:\/\/igmilitaermodell-ap97k2fw1a.live-website.com\/index.php?rest_route=\/wp\/v2\/users\/1"}],"replies":[{"embeddable":true,"href":"https:\/\/igmilitaermodell-ap97k2fw1a.live-website.com\/index.php?rest_route=%2Fwp%2Fv2%2Fcomments&post=43"}],"version-history":[{"count":28,"href":"https:\/\/igmilitaermodell-ap97k2fw1a.live-website.com\/index.php?rest_route=\/wp\/v2\/pages\/43\/revisions"}],"predecessor-version":[{"id":3493,"href":"https:\/\/igmilitaermodell-ap97k2fw1a.live-website.com\/index.php?rest_route=\/wp\/v2\/pages\/43\/revisions\/3493"}],"wp:attachment":[{"href":"https:\/\/igmilitaermodell-ap97k2fw1a.live-website.com\/index.php?rest_route=%2Fwp%2Fv2%2Fmedia&parent=43"}],"curies":[{"name":"wp","href":"https:\/\/api.w.org\/{rel}","templated":true}]}}